{"id":14,"date":"2014-12-28T21:26:49","date_gmt":"2014-12-28T21:26:49","guid":{"rendered":"https:\/\/www.fewo-schweicher-mitte.de\/?page_id=14"},"modified":"2016-03-09T15:41:31","modified_gmt":"2016-03-09T15:41:31","slug":"umgebung-2","status":"publish","type":"page","link":"https:\/\/www.fewo-schweicher-mitte.de\/?page_id=14","title":{"rendered":"Umgebung"},"content":{"rendered":"<p><strong><em>Sehensw\u00fcrdigkeiten in Schweich<\/em><\/strong><\/p>\n<div style='padding:3px; float: left; width:375px;font-size: 0.9em;'>\nNeugotische Pfarrkirche St. Martin<br \/>\n<img decoding=\"async\" src=\"https:\/\/www.fewo-schweicher-mitte.de\/wp-content\/uploads\/2016\/03\/HerbstbilderSchweich2010_073-10-800-600-80-rd-255-255-255.jpg\" alt=\"\" \/>\n<\/div>\n<div style='padding:3px; float: left; width:333px;font-size: 0.9em;'>\nNiederpr\u00fcmer Hof mit Stefan-Andres-Ausstellung<br \/>\n<img decoding=\"async\" src=\"https:\/\/www.fewo-schweicher-mitte.de\/wp-content\/uploads\/2016\/03\/Niederpr\u00fcmer-Hof-3.jpg\" alt=\"\" \/>\n<\/div>\n<div style='padding:3px; float: left; width:333px;font-size: 0.9em;'>\nStefan-Andres-Brunnen<br \/>\n<img decoding=\"async\" src=\"https:\/\/www.fewo-schweicher-mitte.de\/wp-content\/uploads\/2016\/03\/Stefan-Andres-Brunnen-2.jpg\" alt=\"\" \/>\n<\/div>\n<p><br style='clear: both;'><\/p>\n<div style='padding:3px; float: left; width:375px;font-size: 0.9em;'>\nF\u00e4hrturm an der Mosel<br \/>\n<img decoding=\"async\" src=\"https:\/\/www.fewo-schweicher-mitte.de\/wp-content\/uploads\/2016\/03\/F\u00e4hrturm-Schweich.jpg\" alt=\"\" \/>\n<\/div>\n<div style='padding:3px; float: left; width:333px;font-size: 0.9em;'>\nSt. Georgskapelle (1757) in Issel am Moselradweg<br \/>\n<img decoding=\"async\" src=\"https:\/\/www.fewo-schweicher-mitte.de\/wp-content\/uploads\/2016\/03\/Isseler-Kapelle-2.jpg\" alt=\"\" \/>\n<\/div>\n<div style='padding:3px; float: left; width:333px;font-size: 0.9em;'>\nMolitorsm\u00fchle (ca. 2,5 km)<br \/>\n<img decoding=\"async\" src=\"https:\/\/www.fewo-schweicher-mitte.de\/wp-content\/uploads\/2016\/03\/Museum_Molitorsmuehle.jpg\" alt=\"\" \/>\n<\/div>\n<p><br style='clear: both;'><\/p>\n<div style='padding:3px; float: left; width:375px;font-size: 0.9em;'>\nHeilbrunnen mit Kapelle im Meulenwald (ca. 2,7 km)<br \/>\n<img decoding=\"async\" src=\"https:\/\/www.fewo-schweicher-mitte.de\/wp-content\/uploads\/2016\/03\/heilbrunnen18.jpg\" alt=\"\" \/>\n<\/div>\n<div style='padding:3px; float: left; width:333px;font-size: 0.9em;'>\nMoselsteig (hier am Zitronenkr\u00e4merkreuz)<br \/>\n<img decoding=\"async\" src=\"https:\/\/www.fewo-schweicher-mitte.de\/wp-content\/uploads\/2016\/03\/Wandern_Moselsteig_Seitensprung_Zitronenkr\u00e4merkreuz_.jpg\" alt=\"\" \/>\n<\/div>\n<div style='padding:3px; float: left; width:333px;font-size: 0.9em;'>\nWeinbergspanorama<br \/>\n<img decoding=\"async\" src=\"https:\/\/www.fewo-schweicher-mitte.de\/wp-content\/uploads\/2016\/03\/DSCN1181.jpg\" alt=\"\" \/>\n<\/div>\n<p><br style='clear: both;'><\/p>\n<p>Weitere Auskunft \u00fcber die Touristinfomation (www.roemische-weinstrasse.de)<\/p>\n<p>&nbsp;<\/p>\n<p><strong><em>Sehensw\u00fcrdigkeiten in der Umgebung<\/em><\/strong><\/p>\n<p>R\u00f6mische Villen in Longuich und Mehring<\/p>\n<p>Stadt Trier<\/p>\n<p>Mosel \u2013 Bernkastel-Kues &#8211; Cochem<\/p>\n<p>Eifel \u2013 Maare \u2013 Burg Eltz \u2013 N\u00fcrburgring u.a.<\/p>\n<p>Hunsr\u00fcck \u2013 Nahe \u2013 Idar-Oberstein<\/p>\n<p>Luxemburg<\/p>\n<p>romantisches Saartal mit Saarburg; Saarschleife bei Orscholz \u2013 Mettlach (Villeroy &amp; Boch)<\/p>\n<p>&nbsp;<\/p>\n<p><strong><em>Freizeitm\u00f6glichkeiten, Kulturangebote<\/em><\/strong><\/p>\n<p>Erlebnisfreib\u00e4der in Schweich und Leiwen<\/p>\n<p>Skaterpark am Freibad<\/p>\n<p>Moselschifffahrten<\/p>\n<p>Besucherbergwerk in Fell<\/p>\n<p>Golfclub Trier in Ensch<\/p>\n<p>Radwegenetz an Mosel, Ruwer, Kyll und Salm (weiteres Netz auf <a href=\"http:\/\/www.moseltourenplaner.de\/\">www.moseltourenplaner.de<\/a>)<\/p>\n<p>Fahrr\u00e4der k\u00f6nnen beim Verleih bestellt werden.<\/p>\n<p>Pr\u00e4dikatswanderweg Moselsteig und seitl.Extratouren (<a href=\"http:\/\/www.moselsteig.de\/\">www.moselsteig.de<\/a>)<\/p>\n<p>Wandergebiet Meulenwald<\/p>\n<p>&nbsp;<\/p>\n<p>Kulturangebote in der Alten Synagoge, in Trier und Luxemburg<\/p>\n<p>Im Sommer: Mosel Musikfestival (www.moselmusikfestival.de)<\/p>\n<p><strong><em>Bildquellennachweis<\/em><\/strong><br \/>\nMit freundlicher Genehmigung von:<br \/>\nTorist-Information R\u00f6mische Weinstra\u00dfe Schweich<br \/>\nAnke Kr\u00e4mer-Gorges<br \/>\nBernard Letourneau<\/p>\n","protected":false},"excerpt":{"rendered":"<p>Sehensw\u00fcrdigkeiten in Schweich Neugotische Pfarrkirche St. Martin Niederpr\u00fcmer Hof mit Stefan-Andres-Ausstellung Stefan-Andres-Brunnen F\u00e4hrturm an der Mosel St. Georgskapelle (1757) in Issel am Moselradweg Molitorsm\u00fchle (ca. 2,5 km) Heilbrunnen mit Kapelle im Meulenwald (ca. 2,7 km) Moselsteig (hier am Zitronenkr\u00e4merkreuz) Weinbergspanorama Weitere Auskunft \u00fcber die Touristinfomation (www.roemische-weinstrasse.de) &nbsp; Sehensw\u00fcrdigkeiten in der Umgebung R\u00f6mische Villen in Longuich [&hellip;]<\/p>\n","protected":false},"author":1,"featured_media":0,"parent":0,"menu_order":0,"comment_status":"closed","ping_status":"open","template":"","meta":{"footnotes":""},"class_list":["post-14","page","type-page","status-publish","hentry"],"_links":{"self":[{"href":"https:\/\/www.fewo-schweicher-mitte.de\/index.php?rest_route=\/wp\/v2\/pages\/14","targetHints":{"allow":["GET"]}}],"collection":[{"href":"https:\/\/www.fewo-schweicher-mitte.de\/index.php?rest_route=\/wp\/v2\/pages"}],"about":[{"href":"https:\/\/www.fewo-schweicher-mitte.de\/index.php?rest_route=\/wp\/v2\/types\/page"}],"author":[{"embeddable":true,"href":"https:\/\/www.fewo-schweicher-mitte.de\/index.php?rest_route=\/wp\/v2\/users\/1"}],"replies":[{"embeddable":true,"href":"https:\/\/www.fewo-schweicher-mitte.de\/index.php?rest_route=%2Fwp%2Fv2%2Fcomments&post=14"}],"version-history":[{"count":28,"href":"https:\/\/www.fewo-schweicher-mitte.de\/index.php?rest_route=\/wp\/v2\/pages\/14\/revisions"}],"predecessor-version":[{"id":346,"href":"https:\/\/www.fewo-schweicher-mitte.de\/index.php?rest_route=\/wp\/v2\/pages\/14\/revisions\/346"}],"wp:attachment":[{"href":"https:\/\/www.fewo-schweicher-mitte.de\/index.php?rest_route=%2Fwp%2Fv2%2Fmedia&parent=14"}],"curies":[{"name":"wp","href":"https:\/\/api.w.org\/{rel}","templated":true}]}}