{"id":12,"date":"2014-12-28T21:26:33","date_gmt":"2014-12-28T21:26:33","guid":{"rendered":"https:\/\/www.fewo-schweicher-mitte.de\/?page_id=12"},"modified":"2024-05-27T18:11:17","modified_gmt":"2024-05-27T18:11:17","slug":"wohnung","status":"publish","type":"page","link":"https:\/\/www.fewo-schweicher-mitte.de\/?page_id=12","title":{"rendered":"Wohnung"},"content":{"rendered":"<p style=\"text-align: center;\">Separater Eingang neben unserem Haupthaus<\/p>\n<p style=\"text-align: right;\"><a href=\"https:\/\/www.fewo-schweicher-mitte.de\/wp-content\/uploads\/2024\/05\/eingang.jpg\"><img loading=\"lazy\" decoding=\"async\" class=\"size-medium wp-image-401 aligncenter\" src=\"https:\/\/www.fewo-schweicher-mitte.de\/wp-content\/uploads\/2024\/05\/eingang-300x225.jpg\" alt=\"\" width=\"300\" height=\"225\" srcset=\"https:\/\/www.fewo-schweicher-mitte.de\/wp-content\/uploads\/2024\/05\/eingang-300x225.jpg 300w, https:\/\/www.fewo-schweicher-mitte.de\/wp-content\/uploads\/2024\/05\/eingang-135x100.jpg 135w, https:\/\/www.fewo-schweicher-mitte.de\/wp-content\/uploads\/2024\/05\/eingang.jpg 676w\" sizes=\"auto, (max-width: 300px) 100vw, 300px\" \/><\/a><\/p>\n<p>Eingangsbereich (Erdgeschoss) Garderobe, Abstellplatz f\u00fcr Fahrr\u00e4der<\/p>\n<p><a href=\"https:\/\/www.fewo-schweicher-mitte.de\/wp-content\/uploads\/2015\/01\/Eingang-1.jpg\" rel=\"attachment wp-att-224\"><img loading=\"lazy\" decoding=\"async\" class=\"alignnone size-medium wp-image-224\" src=\"https:\/\/www.fewo-schweicher-mitte.de\/wp-content\/uploads\/2015\/01\/Eingang-1-300x225.jpg\" alt=\"Eingang\" width=\"300\" height=\"225\" srcset=\"https:\/\/www.fewo-schweicher-mitte.de\/wp-content\/uploads\/2015\/01\/Eingang-1-300x225.jpg 300w, https:\/\/www.fewo-schweicher-mitte.de\/wp-content\/uploads\/2015\/01\/Eingang-1-135x100.jpg 135w, https:\/\/www.fewo-schweicher-mitte.de\/wp-content\/uploads\/2015\/01\/Eingang-1.jpg 646w\" sizes=\"auto, (max-width: 300px) 100vw, 300px\" \/><\/a><\/p>\n<p style=\"text-align: center;\">Wohnraum mit Esstisch und K\u00fcche<\/p>\n<p style=\"text-align: right;\"><a href=\"https:\/\/www.fewo-schweicher-mitte.de\/wp-content\/uploads\/2024\/05\/sitzgruppe.jpg\" rel=\"attachment wp-att-216\"><img loading=\"lazy\" decoding=\"async\" class=\"wp-image-402 size-medium aligncenter\" src=\"https:\/\/www.fewo-schweicher-mitte.de\/wp-content\/uploads\/2024\/05\/sitzgruppe-300x225.jpg\" alt=\"\" width=\"300\" height=\"225\" srcset=\"https:\/\/www.fewo-schweicher-mitte.de\/wp-content\/uploads\/2024\/05\/sitzgruppe-300x225.jpg 300w, https:\/\/www.fewo-schweicher-mitte.de\/wp-content\/uploads\/2024\/05\/sitzgruppe-135x100.jpg 135w, https:\/\/www.fewo-schweicher-mitte.de\/wp-content\/uploads\/2024\/05\/sitzgruppe.jpg 574w\" sizes=\"auto, (max-width: 300px) 100vw, 300px\" \/><\/a><\/p>\n<p>K\u00fcchenaustattung: Mikrowelle, Gefrierfach im K\u00fchlschrank, Geschirrsp\u00fcler, Kaffeemaschine, Toaster<\/p>\n<p><a href=\"https:\/\/www.fewo-schweicher-mitte.de\/wp-content\/uploads\/2024\/05\/treppe.jpg\" rel=\"attachment wp-att-217\"><img loading=\"lazy\" decoding=\"async\" class=\"alignnone wp-image-403 size-medium\" src=\"https:\/\/www.fewo-schweicher-mitte.de\/wp-content\/uploads\/2024\/05\/treppe-300x225.jpg\" alt=\"\" width=\"300\" height=\"225\" srcset=\"https:\/\/www.fewo-schweicher-mitte.de\/wp-content\/uploads\/2024\/05\/treppe-300x225.jpg 300w, https:\/\/www.fewo-schweicher-mitte.de\/wp-content\/uploads\/2024\/05\/treppe-135x100.jpg 135w, https:\/\/www.fewo-schweicher-mitte.de\/wp-content\/uploads\/2024\/05\/treppe.jpg 600w\" sizes=\"auto, (max-width: 300px) 100vw, 300px\" \/><\/a><\/p>\n<p style=\"text-align: center;\">Schlafraum mit Doppelbett, Korkparkettboden, Safe und Schreibtisch<\/p>\n<p style=\"text-align: center;\"><a href=\"https:\/\/www.fewo-schweicher-mitte.de\/wp-content\/uploads\/2015\/01\/Schlafraum.jpg\" rel=\"attachment wp-att-218\"><img loading=\"lazy\" decoding=\"async\" class=\"alignnone size-medium wp-image-218\" src=\"https:\/\/www.fewo-schweicher-mitte.de\/wp-content\/uploads\/2015\/01\/Schlafraum-300x201.jpg\" alt=\"Schlafraum\" width=\"300\" height=\"201\" srcset=\"https:\/\/www.fewo-schweicher-mitte.de\/wp-content\/uploads\/2015\/01\/Schlafraum-300x201.jpg 300w, https:\/\/www.fewo-schweicher-mitte.de\/wp-content\/uploads\/2015\/01\/Schlafraum.jpg 646w\" sizes=\"auto, (max-width: 300px) 100vw, 300px\" \/><\/a><\/p>\n<p><a href=\"https:\/\/www.fewo-schweicher-mitte.de\/wp-content\/uploads\/2015\/01\/Schlafraum2.jpg\" rel=\"attachment wp-att-219\"><img loading=\"lazy\" decoding=\"async\" class=\"alignnone size-medium wp-image-219\" src=\"https:\/\/www.fewo-schweicher-mitte.de\/wp-content\/uploads\/2015\/01\/Schlafraum2-200x300.jpg\" alt=\"Schlafraum2\" width=\"200\" height=\"300\" srcset=\"https:\/\/www.fewo-schweicher-mitte.de\/wp-content\/uploads\/2015\/01\/Schlafraum2-200x300.jpg 200w, https:\/\/www.fewo-schweicher-mitte.de\/wp-content\/uploads\/2015\/01\/Schlafraum2.jpg 646w\" sizes=\"auto, (max-width: 200px) 100vw, 200px\" \/><\/a><\/p>\n<p style=\"text-align: center;\">Galerie mit 2 Einzelbetten, Korkparkettboden<\/p>\n<p style=\"text-align: right;\"><a href=\"https:\/\/www.fewo-schweicher-mitte.de\/wp-content\/uploads\/2015\/01\/Galerie.jpg\" rel=\"attachment wp-att-220\"><img loading=\"lazy\" decoding=\"async\" class=\"alignnone size-medium wp-image-220 aligncenter\" src=\"https:\/\/www.fewo-schweicher-mitte.de\/wp-content\/uploads\/2015\/01\/Galerie-300x201.jpg\" alt=\"Galerie\" width=\"300\" height=\"201\" srcset=\"https:\/\/www.fewo-schweicher-mitte.de\/wp-content\/uploads\/2015\/01\/Galerie-300x201.jpg 300w, https:\/\/www.fewo-schweicher-mitte.de\/wp-content\/uploads\/2015\/01\/Galerie.jpg 646w\" sizes=\"auto, (max-width: 300px) 100vw, 300px\" \/><\/a><\/p>\n<p>Bad mit Eckdusche (90 x 90 cm), niedrige Schwelle, Haarf\u00f6hn, Kosmetikspiegel<\/p>\n<p><a href=\"https:\/\/www.fewo-schweicher-mitte.de\/wp-content\/uploads\/2015\/01\/Bad.jpg\" rel=\"attachment wp-att-221\"><img loading=\"lazy\" decoding=\"async\" class=\"alignnone size-medium wp-image-221\" src=\"https:\/\/www.fewo-schweicher-mitte.de\/wp-content\/uploads\/2015\/01\/Bad-300x202.jpg\" alt=\"Bad\" width=\"300\" height=\"202\" srcset=\"https:\/\/www.fewo-schweicher-mitte.de\/wp-content\/uploads\/2015\/01\/Bad-300x202.jpg 300w, https:\/\/www.fewo-schweicher-mitte.de\/wp-content\/uploads\/2015\/01\/Bad.jpg 646w\" sizes=\"auto, (max-width: 300px) 100vw, 300px\" \/><\/a><\/p>\n","protected":false},"excerpt":{"rendered":"<p>Separater Eingang neben unserem Haupthaus Eingangsbereich (Erdgeschoss) Garderobe, Abstellplatz f\u00fcr Fahrr\u00e4der Wohnraum mit Esstisch und K\u00fcche K\u00fcchenaustattung: Mikrowelle, Gefrierfach im K\u00fchlschrank, Geschirrsp\u00fcler, Kaffeemaschine, Toaster Schlafraum mit Doppelbett, Korkparkettboden, Safe und Schreibtisch Galerie mit 2 Einzelbetten, Korkparkettboden Bad mit Eckdusche (90 x 90 cm), niedrige Schwelle, Haarf\u00f6hn, Kosmetikspiegel<\/p>\n","protected":false},"author":1,"featured_media":0,"parent":0,"menu_order":0,"comment_status":"closed","ping_status":"open","template":"","meta":{"footnotes":""},"class_list":["post-12","page","type-page","status-publish","hentry"],"_links":{"self":[{"href":"https:\/\/www.fewo-schweicher-mitte.de\/index.php?rest_route=\/wp\/v2\/pages\/12","targetHints":{"allow":["GET"]}}],"collection":[{"href":"https:\/\/www.fewo-schweicher-mitte.de\/index.php?rest_route=\/wp\/v2\/pages"}],"about":[{"href":"https:\/\/www.fewo-schweicher-mitte.de\/index.php?rest_route=\/wp\/v2\/types\/page"}],"author":[{"embeddable":true,"href":"https:\/\/www.fewo-schweicher-mitte.de\/index.php?rest_route=\/wp\/v2\/users\/1"}],"replies":[{"embeddable":true,"href":"https:\/\/www.fewo-schweicher-mitte.de\/index.php?rest_route=%2Fwp%2Fv2%2Fcomments&post=12"}],"version-history":[{"count":8,"href":"https:\/\/www.fewo-schweicher-mitte.de\/index.php?rest_route=\/wp\/v2\/pages\/12\/revisions"}],"predecessor-version":[{"id":405,"href":"https:\/\/www.fewo-schweicher-mitte.de\/index.php?rest_route=\/wp\/v2\/pages\/12\/revisions\/405"}],"wp:attachment":[{"href":"https:\/\/www.fewo-schweicher-mitte.de\/index.php?rest_route=%2Fwp%2Fv2%2Fmedia&parent=12"}],"curies":[{"name":"wp","href":"https:\/\/api.w.org\/{rel}","templated":true}]}}